{"id":148,"date":"2014-01-21T12:50:34","date_gmt":"2014-01-21T11:50:34","guid":{"rendered":"http:\/\/gerhard.koschany.ch\/?page_id=148"},"modified":"2022-12-16T11:01:46","modified_gmt":"2022-12-16T10:01:46","slug":"onlinespiele","status":"publish","type":"page","link":"https:\/\/gerhard.koschany.ch\/?page_id=148","title":{"rendered":"Onlinespiele"},"content":{"rendered":"<p>Nicht wirklich verwundert es, dass man als IT-Fachkraft auch entsprechend den Onlinespielen fr\u00f6hnt. Fr\u00fcher beschr\u00e4nkte man sich auf das Zusammenspiel mit einer Person \u00fcber Modem und Onlineverbindung oder im Heimnetz mit bis zu 8 Spielern. Mit zunehmendermoderner Technolien wurden Onlinespiele mit hunderten von Spielern gleichzeitig salonf\u00e4hig.<\/p>\n<p>&nbsp;<\/p>\n<h3><a id=\"WoW\"><\/a>Retter von Azeroth&#8230;<\/h3>\n<p><img loading=\"lazy\" decoding=\"async\" class=\"wp-image-149 alignleft\" src=\"http:\/\/gerhard.koschany.ch\/wp-content\/uploads\/2014\/01\/mists-logo.jpg\" alt=\"mists-logo\" width=\"400\" height=\"200\" srcset=\"https:\/\/gerhard.koschany.ch\/wp-content\/uploads\/2014\/01\/mists-logo.jpg 400w, https:\/\/gerhard.koschany.ch\/wp-content\/uploads\/2014\/01\/mists-logo-300x150.jpg 300w\" sizes=\"auto, (max-width: 400px) 100vw, 400px\" \/> Seit 2006 und damit seit 20 Jahren spiele ich dank Christian World of Warcraft. Mittlerweile habe ich auch recht gut ausgestattete Charaktere, mit denen ich den aktuellen Content bestreite. Was mich an WoW so fasziniert, ist die Tatsache, dass man mit seinem Char (Kurzform f\u00fcr Charakter) immer wieder neue Herausforderungen findet. Sei es, dass man Instanzen (eigens f\u00fcr den Spieler oder die Gruppe erstellte Levelabschnitte in der Spielewelt) alleine zu bew\u00e4ltigen versucht, die man zuvor nie geschafft hatte, oder, dass man mit einer Handvoll Leuten sich auch an aktuellem Content probiert, obwohl es mehr Leute br\u00e4uchte. Es macht auf jeden Fall immer noch Spass. Auch die neueste, angek\u00fcndigte\u00a0 Erweiterung ist schon so gut wie gekauft. Aber auch der hang zum Klassischen ist da und so verwundert es kaum, wenn man mich auch in WoW Classic antrifft! WoW geh\u00f6rt mit zu den am frequentesten von mir gespielten Spielen. Sobald Shadowlands f\u00fcr WoW Retail rauskommt, wird es von mir nat\u00fcrlich auch gespielt. Aber bis es soweit ist, wird noch viel Wasser den Mahlstrom herabfliessen.<\/p>\n<table style=\"border-collapse: collapse; width: 100%;\">\n<tbody>\n<tr>\n<td style=\"width: 25%;\"><a href=\"http:\/\/gerhard.koschany.ch\/wp-content\/uploads\/2020\/01\/New_WorldOfWarcraft_logo.png\"><img loading=\"lazy\" decoding=\"async\" class=\"aligncenter wp-image-358\" src=\"http:\/\/gerhard.koschany.ch\/wp-content\/uploads\/2020\/01\/New_WorldOfWarcraft_logo.png\" alt=\"\" width=\"199\" height=\"92\" \/><\/a><\/td>\n<td style=\"width: 25%;\"><a href=\"http:\/\/gerhard.koschany.ch\/wp-content\/uploads\/2020\/01\/TBCLogo.png\"><img loading=\"lazy\" decoding=\"async\" class=\"aligncenter wp-image-363\" src=\"http:\/\/gerhard.koschany.ch\/wp-content\/uploads\/2020\/01\/TBCLogo-300x143.png\" alt=\"\" width=\"200\" height=\"95\" srcset=\"https:\/\/gerhard.koschany.ch\/wp-content\/uploads\/2020\/01\/TBCLogo-300x143.png 300w, https:\/\/gerhard.koschany.ch\/wp-content\/uploads\/2020\/01\/TBCLogo.png 399w\" sizes=\"auto, (max-width: 200px) 100vw, 200px\" \/><\/a><\/td>\n<td style=\"width: 25%;\"><a href=\"http:\/\/gerhard.koschany.ch\/wp-content\/uploads\/2020\/01\/WrathLogo.png\"><img loading=\"lazy\" decoding=\"async\" class=\"aligncenter wp-image-362\" src=\"http:\/\/gerhard.koschany.ch\/wp-content\/uploads\/2020\/01\/WrathLogo-300x150.png\" alt=\"\" width=\"201\" height=\"100\" srcset=\"https:\/\/gerhard.koschany.ch\/wp-content\/uploads\/2020\/01\/WrathLogo-300x150.png 300w, https:\/\/gerhard.koschany.ch\/wp-content\/uploads\/2020\/01\/WrathLogo.png 400w\" sizes=\"auto, (max-width: 201px) 100vw, 201px\" \/><\/a><\/td>\n<td style=\"width: 25%;\"><a href=\"http:\/\/gerhard.koschany.ch\/wp-content\/uploads\/2020\/01\/Cataclysmlogo.png\"><img loading=\"lazy\" decoding=\"async\" class=\"aligncenter wp-image-355\" src=\"http:\/\/gerhard.koschany.ch\/wp-content\/uploads\/2020\/01\/Cataclysmlogo-300x140.png\" alt=\"\" width=\"199\" height=\"93\" srcset=\"https:\/\/gerhard.koschany.ch\/wp-content\/uploads\/2020\/01\/Cataclysmlogo-300x140.png 300w, https:\/\/gerhard.koschany.ch\/wp-content\/uploads\/2020\/01\/Cataclysmlogo.png 428w\" sizes=\"auto, (max-width: 199px) 100vw, 199px\" \/><\/a><\/td>\n<\/tr>\n<tr>\n<td style=\"width: 25%;\"><a href=\"http:\/\/gerhard.koschany.ch\/wp-content\/uploads\/2020\/01\/MistsofPandariaLogo.png\"><img loading=\"lazy\" decoding=\"async\" class=\"aligncenter wp-image-357\" src=\"http:\/\/gerhard.koschany.ch\/wp-content\/uploads\/2020\/01\/MistsofPandariaLogo-300x140.png\" alt=\"\" width=\"199\" height=\"93\" srcset=\"https:\/\/gerhard.koschany.ch\/wp-content\/uploads\/2020\/01\/MistsofPandariaLogo-300x140.png 300w, https:\/\/gerhard.koschany.ch\/wp-content\/uploads\/2020\/01\/MistsofPandariaLogo.png 428w\" sizes=\"auto, (max-width: 199px) 100vw, 199px\" \/><\/a><\/td>\n<td style=\"width: 25%;\"><a href=\"http:\/\/gerhard.koschany.ch\/wp-content\/uploads\/2020\/01\/WarlordsofDraenorLogo_Shadow.png\"><img loading=\"lazy\" decoding=\"async\" class=\"aligncenter wp-image-359\" src=\"http:\/\/gerhard.koschany.ch\/wp-content\/uploads\/2020\/01\/WarlordsofDraenorLogo_Shadow-300x158.png\" alt=\"\" width=\"200\" height=\"105\" srcset=\"https:\/\/gerhard.koschany.ch\/wp-content\/uploads\/2020\/01\/WarlordsofDraenorLogo_Shadow-300x158.png 300w, https:\/\/gerhard.koschany.ch\/wp-content\/uploads\/2020\/01\/WarlordsofDraenorLogo_Shadow.png 481w\" sizes=\"auto, (max-width: 200px) 100vw, 200px\" \/><\/a><\/td>\n<td style=\"width: 25%;\"><a href=\"http:\/\/gerhard.koschany.ch\/wp-content\/uploads\/2020\/01\/LegionLogo_lessglow.png\"><img loading=\"lazy\" decoding=\"async\" class=\"aligncenter wp-image-356\" src=\"http:\/\/gerhard.koschany.ch\/wp-content\/uploads\/2020\/01\/LegionLogo_lessglow-300x168.png\" alt=\"\" width=\"200\" height=\"112\" srcset=\"https:\/\/gerhard.koschany.ch\/wp-content\/uploads\/2020\/01\/LegionLogo_lessglow-300x168.png 300w, https:\/\/gerhard.koschany.ch\/wp-content\/uploads\/2020\/01\/LegionLogo_lessglow.png 400w\" sizes=\"auto, (max-width: 200px) 100vw, 200px\" \/><\/a><\/td>\n<td style=\"width: 25%;\"><a href=\"http:\/\/gerhard.koschany.ch\/wp-content\/uploads\/2020\/01\/WoW_Battle_for_Azeroth_Logo.png\"><img loading=\"lazy\" decoding=\"async\" class=\"aligncenter wp-image-360\" src=\"http:\/\/gerhard.koschany.ch\/wp-content\/uploads\/2020\/01\/WoW_Battle_for_Azeroth_Logo-300x146.png\" alt=\"\" width=\"199\" height=\"97\" srcset=\"https:\/\/gerhard.koschany.ch\/wp-content\/uploads\/2020\/01\/WoW_Battle_for_Azeroth_Logo-300x146.png 300w, https:\/\/gerhard.koschany.ch\/wp-content\/uploads\/2020\/01\/WoW_Battle_for_Azeroth_Logo.png 400w\" sizes=\"auto, (max-width: 199px) 100vw, 199px\" \/><\/a><\/td>\n<\/tr>\n<tr>\n<td style=\"width: 25%;\"><a href=\"http:\/\/gerhard.koschany.ch\/wp-content\/uploads\/2020\/01\/Shadowlands_Logo.png\"><img loading=\"lazy\" decoding=\"async\" class=\"aligncenter wp-image-364\" src=\"http:\/\/gerhard.koschany.ch\/wp-content\/uploads\/2020\/01\/Shadowlands_Logo-300x137.png\" alt=\"\" width=\"200\" height=\"91\" srcset=\"https:\/\/gerhard.koschany.ch\/wp-content\/uploads\/2020\/01\/Shadowlands_Logo-300x137.png 300w, https:\/\/gerhard.koschany.ch\/wp-content\/uploads\/2020\/01\/Shadowlands_Logo.png 350w\" sizes=\"auto, (max-width: 200px) 100vw, 200px\" \/><\/a><\/td>\n<td style=\"width: 25%;\"><a href=\"http:\/\/gerhard.koschany.ch\/wp-content\/uploads\/2020\/01\/WoW_Classic_logo.png\"><img loading=\"lazy\" decoding=\"async\" class=\"aligncenter wp-image-361\" src=\"http:\/\/gerhard.koschany.ch\/wp-content\/uploads\/2020\/01\/WoW_Classic_logo-300x135.png\" alt=\"\" width=\"199\" height=\"89\" srcset=\"https:\/\/gerhard.koschany.ch\/wp-content\/uploads\/2020\/01\/WoW_Classic_logo-300x135.png 300w, https:\/\/gerhard.koschany.ch\/wp-content\/uploads\/2020\/01\/WoW_Classic_logo.png 350w\" sizes=\"auto, (max-width: 199px) 100vw, 199px\" \/><\/a><\/td>\n<td style=\"width: 25%;\"><a href=\"https:\/\/gerhard.koschany.ch\/wp-content\/uploads\/2022\/12\/Dragonflight_Logo.png\"><img loading=\"lazy\" decoding=\"async\" class=\"aligncenter size-full wp-image-737\" src=\"https:\/\/gerhard.koschany.ch\/wp-content\/uploads\/2022\/12\/Dragonflight_Logo.png\" alt=\"\" width=\"200\" height=\"91\" srcset=\"https:\/\/gerhard.koschany.ch\/wp-content\/uploads\/2022\/12\/Dragonflight_Logo.png 350w, https:\/\/gerhard.koschany.ch\/wp-content\/uploads\/2022\/12\/Dragonflight_Logo-300x135.png 300w\" sizes=\"auto, (max-width: 200px) 100vw, 200px\" \/><\/a><\/td>\n<td style=\"width: 25%;\"><\/td>\n<\/tr>\n<\/tbody>\n<\/table>\n<p>&nbsp;<\/p>\n<h3><a id=\"SimCity\"><\/a>Schaffe schaffe, H\u00e4usle baue&#8230;<\/h3>\n<p>Aber neben World of Warcraft gibt es noch ein paar andere Spiele, die ich gerne spiele. <img loading=\"lazy\" decoding=\"async\" class=\"alignright size-medium wp-image-150\" src=\"http:\/\/gerhard.koschany.ch\/wp-content\/uploads\/2014\/01\/SimCity_-_Cities_of_Tomorrow-300x110.png\" alt=\"SimCity_-_Cities_of_Tomorrow\" width=\"300\" height=\"110\" srcset=\"https:\/\/gerhard.koschany.ch\/wp-content\/uploads\/2014\/01\/SimCity_-_Cities_of_Tomorrow-300x110.png 300w, https:\/\/gerhard.koschany.ch\/wp-content\/uploads\/2014\/01\/SimCity_-_Cities_of_Tomorrow-1024x377.png 1024w\" sizes=\"auto, (max-width: 300px) 100vw, 300px\" \/>So findet sich auch die St\u00e4dtesimulation SimCity unter diesen Spielen, die mit der j\u00fcngsten Version auch zum gemeinsamen Spiel mit Freunden einl\u00e4dt. Wen wundert es da, dass ich zusammen mit Christian auch eine Region bespiele, wo wir unsere Fantasiest\u00e4dte aufbauen. Definitiv nix f\u00fcr Anf\u00e4nger, da die St\u00e4dtesimulation ziemlich tiefgreifend arbeitet und Anf\u00e4ngern mehr den Frust ins Gesicht schreibt, wenn die Stadt pleite geht. So ist es empfehlenswert, wenn Anf\u00e4nger sich zun\u00e4chst mal mit SimCity 3000 oder SimCity 4 auseinandersetzen, die einem das Spielgeschehen noch etwas einfacher n\u00e4herbringen und das Konzept &#8220;SimCity&#8221; im Eigentlichen. Hat man das Konzept dann aber einmal verstanden, steht der Megametropole nichts mehr im Weg. Kleine Seiteninfo am Rande. Mit SimCity habe ich 1989 angefangen, als das Spiel noch in den Kinderschuhen steckte und auch auf einem 286er spielbar war. Bis heute hat es jedenfalls nichts von seinem Reiz eingeb\u00fc\u00dft, bis auf SimCity 5, welches am Anfang mit einer starken unausgeglichenheit zu k\u00e4mpfen hatte.<\/p>\n<p>&nbsp;<\/p>\n<h3><a id=\"WoT\"><\/a>Anpeilen, Neigungswinkel einstellen, Schusskraft einstellen&#8230; FEUER!<\/h3>\n<p><img loading=\"lazy\" decoding=\"async\" class=\"alignleft size-medium wp-image-151\" src=\"http:\/\/gerhard.koschany.ch\/wp-content\/uploads\/2014\/01\/WoT_logo-300x225.png\" alt=\"WoT_logo\" width=\"300\" height=\"225\" srcset=\"https:\/\/gerhard.koschany.ch\/wp-content\/uploads\/2014\/01\/WoT_logo-300x225.png 300w, https:\/\/gerhard.koschany.ch\/wp-content\/uploads\/2014\/01\/WoT_logo.png 400w\" sizes=\"auto, (max-width: 300px) 100vw, 300px\" \/>Nat\u00fcrlich spiele ich auch gerne Spiele, die zwei gegnerische Teams gegeneinander antreten lassen. So ist es nicht verwunderlich, dass auch World Of Tanks zu meinem Onlinespiele-Repertoire geh\u00f6rt. Eine sehr realistische Panzersimulation. Jeweils 15 Spieler versuchen entweder einen gemeinsamen St\u00fctzpunkt einzunehmen, die jeweils gegnerische Basis einzunehmen, oder sich gegenseitig auszur\u00e4uchern. Diverse Panzerklassen stehen einem zur Verf\u00fcgung. Ich bevorzuge da eher die passivere Klasse, die Selbstfahrlafette, wo ich aus sicherer Entfernung und gut getarnt, wie versteckt meinen Widersachern von oben eine Bohne auf den Panzer spucke. Nicht selten werde ich aber auch zerlegt, weil es meine Teamkollegen sehr schnell zerlegt. Oftmals sind es die Selbstfahrlafetten (die zur Klasse der Artilleriegesch\u00fctze z\u00e4hlen), die zum Schluss \u00fcbrigbleiben und dann Kanonenfutter f\u00fcr jagdpanzer werden. Es macht jedenfalls auch Spa\u00df und geh\u00f6rt zu den am meisten von mir gespielten Spielen online.<\/p>\n<p>&nbsp;<\/p>\n<h3><a id=\"CnC\"><\/a>We need your skills, Commander!<\/h3>\n<p><img loading=\"lazy\" decoding=\"async\" class=\"alignright wp-image-155\" src=\"http:\/\/gerhard.koschany.ch\/wp-content\/uploads\/2014\/01\/CommandConquerRedAlert3_byWar36-267x300.png\" alt=\"CommandConquerRedAlert3_byWar36\" width=\"267\" height=\"300\" srcset=\"https:\/\/gerhard.koschany.ch\/wp-content\/uploads\/2014\/01\/CommandConquerRedAlert3_byWar36-267x300.png 267w, https:\/\/gerhard.koschany.ch\/wp-content\/uploads\/2014\/01\/CommandConquerRedAlert3_byWar36.png 534w\" sizes=\"auto, (max-width: 267px) 100vw, 267px\" \/>In die selben Fu\u00dfstapfen, wenn auch nicht aus Sicht der Egoperspektive, tritt auch Command&amp;Conquer, welches seit der zweiten generation (1996) ebenfalls im Netzwerk und online spielbar ist. Es geh\u00f6rt auch zu meinen Favoriten. Mit Christopher wird in der neuesten Version des Spiels immer mal wieder &#8220;ein Oleg frischgemacht&#8221;. Da man auch gegen mehr Gegner gleichzeitig antreten kann, liegt die Herausforderung auch mal darin, zwei oder drei harte Gegner aufzureiben. Mal gelingt dies, mal werden wir \u00fcberrannt. Aber im Gro\u00dfen und Ganzen werden wir der Lage Herr und zum Schlu\u00df liegt die Basis des Gegners dann in Schutt und Asche, auch wenn die Spieleinstellungen den CPU-Gegnern mehr Power verpassen und so eine leicht unfaire Bevorteilung mitbringen. Eigentlich ist Red Alert 3 nicht der einzige Teil, den wir online spielen. Auch Tiberium Wars z\u00e4hlt dazu. Ich erinnere mich noch sehr gut an die Zeiten, wo ich mit mehren Kumpels in M\u00fcnchen auch die dritte Generation von Command &amp; Conquer (Tiberian Sun) online gespielt habe. Das waren immer wieder stundenlange Gefechte. Richtig sch\u00f6n lang und vor allem eines: Spannend! Mittlerweile hat EA (die Westwood aufgekauft haben!) die Spieleserver abgestellt. Lediglich eine Handvoll privater Server (und damit langj\u00e4hrige Fans, die das Spiel noch lange nicht abgeschoben haben) existiert noch, um es online zu spielen. Eine Idee w\u00e4re es jedenfalls. Mal schauen.<\/p>\n<p>&nbsp;<\/p>\n<h3><a id=\"Diablo\"><\/a>Der Schl\u00e4chter von Tristram&#8230;<\/h3>\n<p><img loading=\"lazy\" decoding=\"async\" class=\"alignleft size-medium wp-image-157\" src=\"http:\/\/gerhard.koschany.ch\/wp-content\/uploads\/2014\/01\/Diablo_III_Large_transparency-300x199.png\" alt=\"Diablo_III_Large_transparency\" width=\"300\" height=\"199\" srcset=\"https:\/\/gerhard.koschany.ch\/wp-content\/uploads\/2014\/01\/Diablo_III_Large_transparency-300x199.png 300w, https:\/\/gerhard.koschany.ch\/wp-content\/uploads\/2014\/01\/Diablo_III_Large_transparency-1024x682.png 1024w, https:\/\/gerhard.koschany.ch\/wp-content\/uploads\/2014\/01\/Diablo_III_Large_transparency.png 1280w\" sizes=\"auto, (max-width: 300px) 100vw, 300px\" \/>Und wenn es dann mal weder Lust auf WoW oder C&amp;C hat, dann gibt es ja auch noch die Hack&amp;Slay-Spiele. Da w\u00e4re Diablo III an vorderster Front zu nennen. Auch hier spiele ich mit den Altbekannten immer wieder mal eine gem\u00fctliche Runde, um dann dem Teufel das B\u00f6se auszutreiben. Die Expansion, die seit 25.03.2014 verf\u00fcgbar ist, wurde ebenfalls als Collector&#8217;s Edition vorbestellt. Auch in dieser heisst es wieder: Hallo, ihr gemeinen Biester der Unterwelt, macht euch auf euren Untergang gefasst!<\/p>\n<p>Was aber alle Onlinespiele gemeinsam haben: Man braucht Zeit, um sie zu spielen. Zeit, die man oftmals nicht hat. Das Berufsleben ist eben nicht einfach. hat man sich noch fr\u00fcher einfacher zu einer gemeinsamen Runde verabreden k\u00f6nnen, so ist es heute aufgrund des Berufslebens aller Beteiligten und zum Teil auch famili\u00e4rerseits alles Andere als Einfach. Ein Familienvater hat eben noch andere Verpflichtungen neben Arbeit und Onlinespielen, n\u00e4mlich die Familie selbst. Und die kann oft mehr Zeit beanspruchen, als einem lieb und recht ist.<\/p>\n","protected":false},"excerpt":{"rendered":"<p>Nicht wirklich verwundert es, dass man als IT-Fachkraft auch entsprechend den Onlinespielen fr\u00f6hnt. Fr\u00fcher beschr\u00e4nkte man sich auf das Zusammenspiel mit einer Person \u00fcber Modem und Onlineverbindung oder im Heimnetz mit bis zu 8 Spielern. Mit zunehmendermoderner Technolien wurden Onlinespiele mit hunderten von Spielern gleichzeitig salonf\u00e4hig. &nbsp; Retter von Azeroth&#8230; Seit 2006 und damit seit [&hellip;]<\/p>\n","protected":false},"author":1,"featured_media":0,"parent":113,"menu_order":0,"comment_status":"open","ping_status":"open","template":"page-nosidebar.php","meta":{"ngg_post_thumbnail":0,"footnotes":""},"class_list":["post-148","page","type-page","status-publish","hentry"],"_links":{"self":[{"href":"https:\/\/gerhard.koschany.ch\/index.php?rest_route=\/wp\/v2\/pages\/148","targetHints":{"allow":["GET"]}}],"collection":[{"href":"https:\/\/gerhard.koschany.ch\/index.php?rest_route=\/wp\/v2\/pages"}],"about":[{"href":"https:\/\/gerhard.koschany.ch\/index.php?rest_route=\/wp\/v2\/types\/page"}],"author":[{"embeddable":true,"href":"https:\/\/gerhard.koschany.ch\/index.php?rest_route=\/wp\/v2\/users\/1"}],"replies":[{"embeddable":true,"href":"https:\/\/gerhard.koschany.ch\/index.php?rest_route=%2Fwp%2Fv2%2Fcomments&post=148"}],"version-history":[{"count":0,"href":"https:\/\/gerhard.koschany.ch\/index.php?rest_route=\/wp\/v2\/pages\/148\/revisions"}],"up":[{"embeddable":true,"href":"https:\/\/gerhard.koschany.ch\/index.php?rest_route=\/wp\/v2\/pages\/113"}],"wp:attachment":[{"href":"https:\/\/gerhard.koschany.ch\/index.php?rest_route=%2Fwp%2Fv2%2Fmedia&parent=148"}],"curies":[{"name":"wp","href":"https:\/\/api.w.org\/{rel}","templated":true}]}}