{"id":160,"date":"2014-01-21T15:24:54","date_gmt":"2014-01-21T14:24:54","guid":{"rendered":"http:\/\/gerhard.koschany.ch\/?page_id=160"},"modified":"2014-01-21T15:32:02","modified_gmt":"2014-01-21T14:32:02","slug":"billard","status":"publish","type":"page","link":"https:\/\/gerhard.koschany.ch\/?page_id=160","title":{"rendered":"Billard"},"content":{"rendered":"<p><img loading=\"lazy\" decoding=\"async\" class=\"alignleft size-medium wp-image-161\" alt=\"Billard\" src=\"http:\/\/gerhard.koschany.ch\/wp-content\/uploads\/2014\/01\/Billard-300x200.jpg\" width=\"300\" height=\"200\" srcset=\"https:\/\/gerhard.koschany.ch\/wp-content\/uploads\/2014\/01\/Billard-300x200.jpg 300w, https:\/\/gerhard.koschany.ch\/wp-content\/uploads\/2014\/01\/Billard-1024x682.jpg 1024w\" sizes=\"auto, (max-width: 300px) 100vw, 300px\" \/>Ja, auch Billard geh\u00f6rt zu meinen Hobbies. Allerdings ist dieses Hobby nicht so ausgepr\u00e4gt, wie die anderen beiden Hobbies. Dennoch bin ich einer guten Partie Billard nie abgeneigt. In M\u00fcnchen habe ich viel mit Freunden gespielt und es waren oftmals sehr knappe und herausfordernde Partien im Eight-Ball (jeder Spieler hat 7 Kugeln (Volle und Halbe) und die 8 zu versenken &#8211; Eight-Ball ist auch besser bekannt unter Pool-Billard.). <img loading=\"lazy\" decoding=\"async\" class=\"alignright size-medium wp-image-162\" alt=\"9ball_rack_2\" src=\"http:\/\/gerhard.koschany.ch\/wp-content\/uploads\/2014\/01\/9ball_rack_2-300x214.jpg\" width=\"300\" height=\"214\" srcset=\"https:\/\/gerhard.koschany.ch\/wp-content\/uploads\/2014\/01\/9ball_rack_2-300x214.jpg 300w, https:\/\/gerhard.koschany.ch\/wp-content\/uploads\/2014\/01\/9ball_rack_2.jpg 640w\" sizes=\"auto, (max-width: 300px) 100vw, 300px\" \/>In Bern habe ich weitere Varianten des Billard kennengelernt, wovon 9-Ball sicher die bekannteste ist. Die meisten Partien, die ich aber gespielt habe, waren Eight-Ball. Nicht zuletzt deswegen, weil ich diese Variante auch am besten spielen kann. Beim Eight-Ball hingegen ist das Spiel sehr simpel. Beide lochen in der Reihenfolge die Kugeln von 1 bis 9 hintereinander ein. Wer die 9 versenkt, hat gewonnen. Brisant: Wenn ein Spieler bspw. die 5 einlochen muss und die 9 \u00fcber die 5 einlocht, hat der Spieler ebenfalls gewonnen, denn es ist lediglich wichtig, dass die Kugel, die als N\u00e4chstes in der Reihenfolge ist, angespielt wird. Wie man sieht, gibt es also mehrere Wege, um eine Partie f\u00fcr sich zu entscheiden und ich habe viele Partien nicht zuletzt deswegen verloren.<\/p>\n<p>Eigentlich kein Billard in dem Sinne, sondern eine eigene Sportart f\u00fcr sich, bildet Snooker. Snooker ist zwar dem Billard \u00e4hnlich, das Spielprinzip ist dasselbe, jedoch unterscheidet sich Snooker von Billard dahingehend, dass die Tische gr\u00f6sser sind (12Fu\u00df L\u00e4nge statt 8\/9 Fu\u00df), die Queues filigraner und die Taschen enger sind. Kann man beim Billard noch sehr gut einlochen, indem man einen beherzt starken Sto\u00df vollzieht, ist bei Snooker schon SEHR viel Fingerspitzengef\u00fchl angesagt, um hier erfolgreich zu sein. <img loading=\"lazy\" decoding=\"async\" class=\"alignleft size-medium wp-image-163\" alt=\"mid-Snooker_break\" src=\"http:\/\/gerhard.koschany.ch\/wp-content\/uploads\/2014\/01\/mid-Snooker_break-300x240.jpg\" width=\"300\" height=\"240\" srcset=\"https:\/\/gerhard.koschany.ch\/wp-content\/uploads\/2014\/01\/mid-Snooker_break-300x240.jpg 300w, https:\/\/gerhard.koschany.ch\/wp-content\/uploads\/2014\/01\/mid-Snooker_break.jpg 480w\" sizes=\"auto, (max-width: 300px) 100vw, 300px\" \/>Auch die Art und Weise, wie Kugeln versenkt werden, ist anders. So muss abwechselnd eine der roten Kugeln eingelocht werden, um im anschliessenden Sto\u00df dann (am besten) die schwarze Kugel einzulochen, was einem dann 8 Punkte gibt. Wenn man einen Sto\u00df vergeigt oder bei den farbigen Kugeln dann die falsche Kugel einlocht, so gibt das f\u00fcr den Gegner dann 4 Punkte. Daher ist auch eines der Ziele des Gegners, einen Sto\u00df so auszuf\u00fchren, dass der andere Spieler hinterher quasi ein Foulspiel machen MUSS. Aber ich spare es mir an dieser Stelle, nun auf das komplette Snooker-Regelwerk einzugehen. Fakt ist, Snooker ist nix f\u00fcr jene, die eine unruhige Hand haben oder draufbolzen, bis das Queue splittert. Und nicht selten kann eine Snookerpartie auch mal eine Stunde oder l\u00e4nger dauern. Das h\u00e4ngt immer davon ab, wie gut die Snookerspieler sind. Das Regelwerk ist auch ebenfalls sehr umfangreich und w\u00fcrde an dieser Stelle einfach zuviel Platz belegen. Aber Google liefert auf viele Dinge eine Antwort.<\/p>\n<p>Leider habe ich in letzter Zeit nicht mehr soviel Billard gespielt, da ich mich mehr dem Dartspiel widme, aber gelegentlich kommt dann doch mal wieder eine Partie zusammen.<\/p>\n","protected":false},"excerpt":{"rendered":"<p>Ja, auch Billard geh\u00f6rt zu meinen Hobbies. Allerdings ist dieses Hobby nicht so ausgepr\u00e4gt, wie die anderen beiden Hobbies. Dennoch bin ich einer guten Partie Billard nie abgeneigt. In M\u00fcnchen habe ich viel mit Freunden gespielt und es waren oftmals sehr knappe und herausfordernde Partien im Eight-Ball (jeder Spieler hat 7 Kugeln (Volle und Halbe) [&hellip;]<\/p>\n","protected":false},"author":1,"featured_media":0,"parent":113,"menu_order":0,"comment_status":"open","ping_status":"open","template":"page-nosidebar.php","meta":{"ngg_post_thumbnail":0,"footnotes":""},"class_list":["post-160","page","type-page","status-publish","hentry"],"_links":{"self":[{"href":"https:\/\/gerhard.koschany.ch\/index.php?rest_route=\/wp\/v2\/pages\/160","targetHints":{"allow":["GET"]}}],"collection":[{"href":"https:\/\/gerhard.koschany.ch\/index.php?rest_route=\/wp\/v2\/pages"}],"about":[{"href":"https:\/\/gerhard.koschany.ch\/index.php?rest_route=\/wp\/v2\/types\/page"}],"author":[{"embeddable":true,"href":"https:\/\/gerhard.koschany.ch\/index.php?rest_route=\/wp\/v2\/users\/1"}],"replies":[{"embeddable":true,"href":"https:\/\/gerhard.koschany.ch\/index.php?rest_route=%2Fwp%2Fv2%2Fcomments&post=160"}],"version-history":[{"count":0,"href":"https:\/\/gerhard.koschany.ch\/index.php?rest_route=\/wp\/v2\/pages\/160\/revisions"}],"up":[{"embeddable":true,"href":"https:\/\/gerhard.koschany.ch\/index.php?rest_route=\/wp\/v2\/pages\/113"}],"wp:attachment":[{"href":"https:\/\/gerhard.koschany.ch\/index.php?rest_route=%2Fwp%2Fv2%2Fmedia&parent=160"}],"curies":[{"name":"wp","href":"https:\/\/api.w.org\/{rel}","templated":true}]}}