{"id":34,"date":"2013-12-17T13:58:23","date_gmt":"2013-12-17T12:58:23","guid":{"rendered":"http:\/\/gerhard.koschany.ch\/?page_id=34"},"modified":"2020-01-16T15:47:56","modified_gmt":"2020-01-16T14:47:56","slug":"uber-mich","status":"publish","type":"page","link":"https:\/\/gerhard.koschany.ch\/?page_id=34","title":{"rendered":"\u00dcber mich"},"content":{"rendered":"<p>Nun, was gibt es \u00fcber mich zu schreiben&#8230; vielleicht machen wir es, wie in einem Steckbrief. Also mal alles in K\u00fcrze, dann noch etwas Text dazu&#8230;<\/p>\n<table class=\" alignleft\" style=\"width: 54.276%; border-collapse: collapse;\">\n<tbody>\n<tr>\n<td style=\"width: 48.8673%;\" rowspan=\"9\"><a href=\"http:\/\/gerhard.koschany.ch\/wp-content\/uploads\/2019\/10\/BIT_Geri.jpg\"><img loading=\"lazy\" decoding=\"async\" class=\"aligncenter wp-image-285\" src=\"http:\/\/gerhard.koschany.ch\/wp-content\/uploads\/2019\/10\/BIT_Geri.jpg\" alt=\"\" width=\"256\" height=\"256\" srcset=\"https:\/\/gerhard.koschany.ch\/wp-content\/uploads\/2019\/10\/BIT_Geri.jpg 512w, https:\/\/gerhard.koschany.ch\/wp-content\/uploads\/2019\/10\/BIT_Geri-150x150.jpg 150w, https:\/\/gerhard.koschany.ch\/wp-content\/uploads\/2019\/10\/BIT_Geri-300x300.jpg 300w, https:\/\/gerhard.koschany.ch\/wp-content\/uploads\/2019\/10\/BIT_Geri-64x64.jpg 64w\" sizes=\"auto, (max-width: 256px) 100vw, 256px\" \/><\/a><\/td>\n<td style=\"width: 17.7993%;\">Name:<\/td>\n<td style=\"width: 33.3333%;\">Koschany<\/td>\n<\/tr>\n<tr>\n<td style=\"width: 17.7993%;\">Vorname:<\/td>\n<td style=\"width: 33.3333%;\">Gerhard<\/td>\n<\/tr>\n<tr>\n<td style=\"width: 17.7993%;\">Geboren:<\/td>\n<td style=\"width: 33.3333%;\">10.10.1978<\/td>\n<\/tr>\n<tr>\n<td style=\"width: 17.7993%;\">Alter:<\/td>\n<td style=\"width: 33.3333%;\">47<\/td>\n<\/tr>\n<tr>\n<td style=\"width: 17.7993%;\">Gewicht:<\/td>\n<td style=\"width: 33.3333%;\">ca. 85 kg (187 lbs)<\/td>\n<\/tr>\n<tr>\n<td style=\"width: 17.7993%;\">Gr\u00f6sse:<\/td>\n<td style=\"width: 33.3333%;\">183 cm (6ft)<\/td>\n<\/tr>\n<tr>\n<td style=\"width: 17.7993%;\">Augenfarbe:<\/td>\n<td style=\"width: 33.3333%;\">Stahlblau<\/td>\n<\/tr>\n<tr>\n<td style=\"width: 17.7993%;\">Geburtsort:<\/td>\n<td style=\"width: 33.3333%;\">M\u00fcnchen<\/td>\n<\/tr>\n<tr>\n<td style=\"width: 17.7993%;\">Wohnort:<\/td>\n<td style=\"width: 33.3333%;\">Bern<\/td>\n<\/tr>\n<\/tbody>\n<\/table>\n<p>Fangen wir mal so an, ich bin 1978 in der sch\u00f6nen bayrischen Landeshauptstadt M\u00fcnchen geboren, wo ich am 10.10. um 10:11 Uhr das Licht der Welt erblickt habe (Mist, um eine Minute die perfekte Uhrzeit-Datum-Kombination verpasst!). Genauer gesagt, war es die Leuchtstoffr\u00f6hre des Schwabinger Krankenhauses. In M\u00fcnchen habe ich meine Schulzeit verbracht und zudem meine Ausbildung zum Fachinformatiker Fachrichtung Systemintegration bei der Allianz AGIS M\u00fcnchen abgeschlossen. Nach Abschluss der Lehre stand dann auch der Umzug an, eigene 4 W\u00e4nde mussten her. So verschlug es mich also (ebenfalls in M\u00fcnchen, nur weiter s\u00fcdlich) nach Gro\u00dfhadern, wo ich dann von 2003 bis 2007 gewohnt hatte. in diesen 4 Jahren stand jobtechnisch eher das Tal der Trauer vor mir, die Joblage war bereits angespannt (niemand h\u00e4tte geahnt, dass es 2008 mit der Subprime-Krise sogar noch mehr qualmen w\u00fcrde) und ich beschritt den Weg der Selbst\u00e4ndigkeit (auch wieder im Computerumfeld &#8211; What else? \ud83d\ude09 ).<\/p>\n<p>In der Zeit hatte ich immer wieder mal Projekte \u00fcber Projektb\u00fcros, die meine Arbeitskraft auf Mandatebasis vermittelt haben. So war bei der EADS sicher ein l\u00e4ngerer Rollout einer der H\u00f6hepunkte, wo ich Einblicke in die Aviatik bekommen hatte, als auch der Rollouteinsatz f\u00fcr die Zurich Versicherung deutschlandweit. Dabei bin ich (auch zusammen mit meinem Bruder) viel in Deutschland herumgekommen. Nach der Arbeit stand dann halt auch mal ein City Sightseeing an. Ja warum eigentlich nicht?<\/p>\n<p>Nach dieser Zeit begann dann eine neue \u00c4ra, als eine Offerte eines renommierten Projektanbieters aus der Schweiz mich in die sch\u00f6ne Hauptstadt Bern geholt hat. Auch hier im Rahmen eines Mandats, war ich dann 3 Monate f\u00fcr die SBB t\u00e4tig, auch wieder im IT-Umfeld. Genau w\u00e4hrend dieser 3 Monate habe ich dann eines Abends ein sehr aufschlussreiches Gespr\u00e4ch mit einem Headhunter f\u00fcr IT-Dienstleistungen gehabt. Zu diesem Zeitpunkt war mir nicht klar, dass dies der Grundstein daf\u00fcr werden w\u00fcrde, dauerhaft in der Schweiz zu bleiben. Juli 2007 war es dann soweit und ich habe meinen neuen Lebensweg beschritten, den ich auch heute noch begehe, beim Bundesamt f\u00fcr Informatik und Telekommunikation (BIT), wo ich einen angenehmen, aber auch anspruchsvollen Job habe. Es erscheint daher auch logisch, dass mein Wohnsitz jetzt ebenfalls in Bern ist.<\/p>\n<p>Die einzelnen Unterseiten entsprechen den Lebensabschnitten, die ich kategorisiert habe. Sollten Sie also eine ausf\u00fchrlichere Biographie w\u00fcnschen, so ist diese jederzeit auf eine der Unterseiten zug\u00e4nglich. Es lohnt sich immer wieder einmal, vorbeizuschauen, da ich die Inhalte nach Bedarf \u00fcberarbeiten werde. Auch wenn die Website wie ein Blog aussieht, werden hier nicht t\u00e4glich Updates passieren. Dazu fehlt mir schlichtweg die Zeit und zum Anderen w\u00e4re es nicht sonderlich interessant, wenn an manchen Tagen stets dasselbe zu lesen w\u00e4re. Es ist eben einfach eine Seite \u00fcber meine Person im Stil eines Blogs, der eher selten aktualisiert wird.<\/p>\n<p>Ich habe zwar einen Facebook-Account, aber ich nutze diesen nicht, um jegliche Aktionen von mir minuti\u00f6s festzuhalten. Daher ist auch dort mein Profil eher selten mit Updates gesegnet. Wer sich fragt, warum ich \u00fcberhaupt einen Facebook-Account besitze: Meine Freunde sind dort ebenfalls angemeldet und man sollte neben Handy und Telefon immer noch eine weitere M\u00f6glichkeit der gemeinsamen Pl\u00e4tze haben. Facebook ist ein solcher und hat sich, dank Smartphone-Integration, auch zu einer mobilen Plattform f\u00fcr Kontakte entwickelt. Ein gesundes Ma\u00df an Selbstdisziplin ist aber Voraussetzung, wenn man mit Medien im Internet umgeht. Das Posten von peinlichen Momenten sollte man genauso unterlassen, wie man auch in der \u00d6ffentlichkeit weniger \u00fcber seine peinlichen Momente rumposaunt.<\/p>\n<hr>\n<ul>\n<li><a href=\"http:\/\/gerhard.koschany.ch\/?page_id=60\">Kindheit und Jugend<\/a><\/li>\n<li><a href=\"http:\/\/gerhard.koschany.ch\/?page_id=63\">Schulzeit und PC<\/a><\/li>\n<li><a href=\"http:\/\/gerhard.koschany.ch\/?page_id=66\">Beruflicher Werdegang<\/a><\/li>\n<li><a href=\"http:\/\/gerhard.koschany.ch\/?page_id=98\">Hallo Schweiz<\/a><\/li>\n<li><a href=\"http:\/\/gerhard.koschany.ch\/?page_id=291\">Und doch in M\u00fcnchen&#8230;<\/a><\/li>\n<\/ul>\n","protected":false},"excerpt":{"rendered":"<p>Nun, was gibt es \u00fcber mich zu schreiben&#8230; vielleicht machen wir es, wie in einem Steckbrief. Also mal alles in K\u00fcrze, dann noch etwas Text dazu&#8230; Name: Koschany Vorname: Gerhard Geboren: 10.10.1978 Alter: Gewicht: ca. 85 kg (187 lbs) Gr\u00f6sse: 183 cm (6ft) Augenfarbe: Stahlblau Geburtsort: M\u00fcnchen Wohnort: Bern Fangen wir mal so an, ich [&hellip;]<\/p>\n","protected":false},"author":1,"featured_media":0,"parent":0,"menu_order":0,"comment_status":"open","ping_status":"open","template":"page-nosidebar.php","meta":{"ngg_post_thumbnail":0,"footnotes":""},"class_list":["post-34","page","type-page","status-publish","hentry"],"_links":{"self":[{"href":"https:\/\/gerhard.koschany.ch\/index.php?rest_route=\/wp\/v2\/pages\/34","targetHints":{"allow":["GET"]}}],"collection":[{"href":"https:\/\/gerhard.koschany.ch\/index.php?rest_route=\/wp\/v2\/pages"}],"about":[{"href":"https:\/\/gerhard.koschany.ch\/index.php?rest_route=\/wp\/v2\/types\/page"}],"author":[{"embeddable":true,"href":"https:\/\/gerhard.koschany.ch\/index.php?rest_route=\/wp\/v2\/users\/1"}],"replies":[{"embeddable":true,"href":"https:\/\/gerhard.koschany.ch\/index.php?rest_route=%2Fwp%2Fv2%2Fcomments&post=34"}],"version-history":[{"count":0,"href":"https:\/\/gerhard.koschany.ch\/index.php?rest_route=\/wp\/v2\/pages\/34\/revisions"}],"wp:attachment":[{"href":"https:\/\/gerhard.koschany.ch\/index.php?rest_route=%2Fwp%2Fv2%2Fmedia&parent=34"}],"curies":[{"name":"wp","href":"https:\/\/api.w.org\/{rel}","templated":true}]}}