{"id":669,"date":"2021-04-13T03:14:09","date_gmt":"2021-04-13T01:14:09","guid":{"rendered":"https:\/\/gerhard.koschany.ch\/?page_id=669"},"modified":"2023-04-26T22:49:31","modified_gmt":"2023-04-26T20:49:31","slug":"regelung-zur-privatsphare","status":"publish","type":"page","link":"https:\/\/gerhard.koschany.ch\/?page_id=669","title":{"rendered":"Regelung zur Privatsph\u00e4re"},"content":{"rendered":"<h3>Wer sind wir?<\/h3>\n<p>Meine Webseiten-URL ist: https:\/\/gerhard.koschany.ch.<\/p>\n<p>&nbsp;<\/p>\n<h3>Wie aknn man sich registrieren?<\/h3>\n<p>Aufgrund etlicher Versuche, diese Site mit Fake-Accounts zu \u00fcberrennen, ist die Selbstregistrierung deaktiviert.<\/p>\n<p>&nbsp;<\/p>\n<h3>Kommentare:<\/h3>\n<p>Wenn Besucher Kommentare verfassen und hier hinterlassen, werden die Daten des Kontaktformulars erhoben und dar\u00fcber hinaus auch die IP-Adresse, sowie der User-Agent-String des Browsers, den der Besucher verwendet. Dies hilft mir insbesondere auch, Spam zu erkennen und (weitestgehend) zu vermeiden.<\/p>\n<p>Eine anonymisierte Zeichenkette aus Ihrer E-Mailadresse (auch Hash genannt) kann an Gravatar \u00fcbermittelt werden, um zu pr\u00fcfen, ob Sie diese E-Mailadresse verwenden. Der Dienst hinter Gravatar hat seine eigenen Regelungen zur Privatsph\u00e4re (nur in Englisch verf\u00fcgbar), welche Sie hier einsehen k\u00f6nnen: <a href=\"https:\/\/automattic.com\/privacy\/\" target=\"_blank\" rel=\"noopener\">https:\/\/automattic.com\/privacy\/<\/a><\/p>\n<p>Sobad Ihr Kommentar freigegeben wurde, wird Ihr Profilbild zum Kommentar angezeigt, den Sie verfasst haben.<\/p>\n<h3>&nbsp;<\/h3>\n<h3>Medien:<\/h3>\n<p>Sollten Sie Bilder auf dieser Webseite hochladen, vermeiden Sie es, Bilder mit eingebetteten GPS-Daten hochzuladen (EXIF GPS). Es besteht die M\u00f6glichkeit, dass andere Benutzer dieser Website diese Bilder herunterladen und diese Informationen aus den von Ihnen hochgeladenen Bildern extrahieren k\u00f6nnen.<\/p>\n<p>Wie Sie diese Informationen l\u00f6schen k\u00f6nnen, erfahren Sie auf dieser Webseite: <a href=\"https:\/\/www.ionos.de\/digitalguide\/websites\/webdesign\/bildinformationen-loeschen\/\" target=\"_blank\" rel=\"noopener\">https:\/\/www.ionos.de\/digitalguide\/websites\/webdesign\/bildinformationen-loeschen\/<\/a><\/p>\n<h3>&nbsp;<\/h3>\n<h3>Cookies:<\/h3>\n<p>Wenn Sie einen&nbsp; Kommentar hinterlassen, haben Sie die M\u00f6glichkeit, Ihren Namen, E-Mailadresse, sowie die URL zu Ihrer Homepage in einem Cookie zu speichern. Dies ist zu Ihrem Komfort gedacht, sodass Sie diese Informationen nicht st\u00e4ndig neu eingeben m\u00fcssen. Das Cookie, welches diese Angaben speichert, wird f\u00fcr ein Jahr gespeichert, bevor es verf\u00e4llt.<\/p>\n<p>Wenn Sie unsere Anmeldeseite besuchen, wird ein tempor\u00e4res Cookie angelegt, welches lediglich pr\u00fcft, ob Ihr Broser Cookies akzeptiert und verwaltet. Dieses Cookie enth\u00e4lt keine pers\u00f6nlichen Daten und wird gel\u00f6scht, sobald Sie Ihren Browser schlie\u00dfen.<\/p>\n<p>Sobald Sie sich auf dieser Webseite anmelden, werden einige Cookies angelegt, um Ihre Anmeldedaten und Einstellungen zur Darstellung dieser Website zu speichern. Das Anmelde-Cookie wird f\u00fcr die Dauer von 48 Stunden gespeichert, bevor es verf\u00e4llt. Das Cookie f\u00fcr die Darstellungseinstellungen wird f\u00fcr ein Jahr gespeichert. Sollten Sie auf dem Anmeldeformular die Option &#8220;Remember Me&#8221; aktivieren, wird die G\u00fcltigkeitsdauer auf 14 Tage verl\u00e4ngert, bevor das Anmelde-Cookie verf\u00e4llt. Beachten Sie aber: Wenn Sie sich abmelden, wird das Anmelde-Cookie sofort gel\u00f6scht.<\/p>\n<p>Sobald Sie auf dieser Website einen Beitrag verfassen, wird ein weiteres Cookie abgelegt. Dieses Cookie enth\u00e4lt lediglich die Beitrags-ID, an der Sie gearbeitet haben und verf\u00e4llt nach 24 Stunden.<\/p>\n<h3>&nbsp;<\/h3>\n<h3>Eingebetteter Inhalt von anderen Websites:<\/h3>\n<p>Beitr\u00e4ge auf dieser Website k\u00f6nnen eingebettete Inhalte (Videos, Bilder, externe Beitr\u00e4ge o.\u00e4.) enthalten. Eingebetteter Inhalt verh\u00e4lt sich sich genauso, als w\u00fcrden Sie den Inhalt direkt auf der Ursprungs-Website betrachten.<\/p>\n<p>Diese Websites k\u00f6nnen Daten \u00fcber Sie erheben, Cookies anlegen, Drittanbieter-Tracking verwenden und die Interaktion mit ebendiesen Beitr\u00e4gen aufzeichnen, sowie nachverfolgen, sofern Sie auf der anderen Website einen Benutzeraccount haben und dort angemeldet sind.<\/p>\n<h3>&nbsp;<\/h3>\n<h3>Mit wem wir Ihre Daten teilen:<\/h3>\n<p>Wenn Sie eine Passwort-Zur\u00fccksetzung anfordern, wird im E-Mail, was wir Ihnen senden, auch Ihre IP mitgesendet. Dieser Blog erhebt keine weiteren Daten, die mit Drittanbietern geteilt werden. Dies betrifft jedoch nicht den Einsatz der Plugins, die auf dieser Website zum Einsatz kommen. Diese Plugins k\u00f6nnen ggf. im Hintergrund weitere Daten erheben. Wir bem\u00fchen uns, die Menge der erhobenen Daten auf das Mindestnotwendige zu reduzieren, die zum ordnungsgem\u00e4ssen Betrieb dieser Onlinepr\u00e4senz erforderlich sind.<\/p>\n<h3>&nbsp;<\/h3>\n<h3>Wie lange wir Ihre Daten aufbewahren:<\/h3>\n<p>Wenn Sie einen Kommentar hinterlassen, werden der Kommentar und die dazu erfassen Metadaten unbegrenzt lang gespeichert (also so lange, wie diese Onlinepr\u00e4senz existiert). Dies wird deswegen so gehandhabt, um k\u00fcnftige Kommentare von Ihnen automatisch freizugeben, anstatt diese in der Moderations-Warteschlange zu halten.<\/p>\n<p>Sollten Benutzer sich auf unserer Website registrieren (wenn \u00fcberhaupt), werden auch pers\u00f6nliche Daten gespeichert, die sie in ihrem pers\u00f6nlichen Profil auf dieser Website hinterlassen. S\u00e4mtliche Daten (mit Ausnahme des Benutzernamens) k\u00f6nnen frei zu jeder Zeit angesehen, ge\u00e4ndert oder gel\u00f6scht werden. Diese Information kann ebenfalls vom Webseiten-Betreiber eingesehen und ge\u00e4ndert werden (insbesondere dann, wenn die hinterlassenen Daten gegen geltendes Recht verstossen, anst\u00f6ssige oder unerlaubte Inhalte enthalten!).<\/p>\n<h3>&nbsp;<\/h3>\n<h3>Welches Recht Sie \u00fcber Ihre Daten haben:<\/h3>\n<p>Wenn Sie \u00fcber einen Benutzer-Account auf dieser Website verf\u00fcgen oder Kommentare verfasst haben, k\u00f6nnen Sie einen Datenexport Ihrer pers\u00f6nlichen Daten anfordern, die wir \u00fcber Sie gespeichert haben und welche Sie bei uns hinterlassen haben. Desweiteren k\u00f6nnen Sie auch zu jeder Zeit die L\u00f6schung ebendieser anfordern. Daten, die aufgrund administrativer, rechtlicher oder sicherheitsrelevanter Gr\u00fcnde erhoben wurden, sind hiervon ausgeschlossen!<\/p>\n<h3>&nbsp;<\/h3>\n<h3>Wohin Ihre Daten gesendet werden k\u00f6nnen:<\/h3>\n<p>Besucherkommentare k\u00f6nnen durch einen automatisierten Spam-Entdeckungs-Dienst verarbeitet werden.<\/p>\n","protected":false},"excerpt":{"rendered":"<p>Wer sind wir? Meine Webseiten-URL ist: https:\/\/gerhard.koschany.ch. &nbsp; Wie aknn man sich registrieren? Aufgrund etlicher Versuche, diese Site mit Fake-Accounts zu \u00fcberrennen, ist die Selbstregistrierung deaktiviert. &nbsp; Kommentare: Wenn Besucher Kommentare verfassen und hier hinterlassen, werden die Daten des Kontaktformulars erhoben und dar\u00fcber hinaus auch die IP-Adresse, sowie der User-Agent-String des Browsers, den der Besucher [&hellip;]<\/p>\n","protected":false},"author":1,"featured_media":0,"parent":116,"menu_order":0,"comment_status":"closed","ping_status":"closed","template":"","meta":{"ngg_post_thumbnail":0,"footnotes":""},"class_list":["post-669","page","type-page","status-publish","hentry"],"_links":{"self":[{"href":"https:\/\/gerhard.koschany.ch\/index.php?rest_route=\/wp\/v2\/pages\/669","targetHints":{"allow":["GET"]}}],"collection":[{"href":"https:\/\/gerhard.koschany.ch\/index.php?rest_route=\/wp\/v2\/pages"}],"about":[{"href":"https:\/\/gerhard.koschany.ch\/index.php?rest_route=\/wp\/v2\/types\/page"}],"author":[{"embeddable":true,"href":"https:\/\/gerhard.koschany.ch\/index.php?rest_route=\/wp\/v2\/users\/1"}],"replies":[{"embeddable":true,"href":"https:\/\/gerhard.koschany.ch\/index.php?rest_route=%2Fwp%2Fv2%2Fcomments&post=669"}],"version-history":[{"count":0,"href":"https:\/\/gerhard.koschany.ch\/index.php?rest_route=\/wp\/v2\/pages\/669\/revisions"}],"up":[{"embeddable":true,"href":"https:\/\/gerhard.koschany.ch\/index.php?rest_route=\/wp\/v2\/pages\/116"}],"wp:attachment":[{"href":"https:\/\/gerhard.koschany.ch\/index.php?rest_route=%2Fwp%2Fv2%2Fmedia&parent=669"}],"curies":[{"name":"wp","href":"https:\/\/api.w.org\/{rel}","templated":true}]}}